{"id":98,"date":"2024-09-08T20:54:22","date_gmt":"2024-09-08T18:54:22","guid":{"rendered":"https:\/\/rezal-atelier.com\/?page_id=98"},"modified":"2025-01-16T15:35:48","modified_gmt":"2025-01-16T14:35:48","slug":"a-propos","status":"publish","type":"page","link":"https:\/\/rezal-atelier.com\/index.php\/a-propos\/","title":{"rendered":"\u00c0 propos de REZAL"},"content":{"rendered":"\n<div class=\"wp-block-group alignfull is-layout-flow wp-block-group-is-layout-flow\" style=\"margin-top:0;margin-bottom:0;padding-top:calc( 0.5 * var(--wp--style--root--padding-right, var(--wp--custom--gap--horizontal)));padding-right:var(--wp--style--root--padding-right, var(--wp--custom--gap--horizontal));padding-bottom:calc( 0.5 * var(--wp--style--root--padding-right, var(--wp--custom--gap--horizontal)));padding-left:var(--wp--style--root--padding-left, var(--wp--custom--gap--horizontal))\">\n<div class=\"wp-block-columns alignwide are-vertically-aligned-center is-layout-flex wp-container-core-columns-is-layout-7fc3d43a wp-block-columns-is-layout-flex\">\n<div class=\"wp-block-column is-vertically-aligned-center is-layout-flow wp-block-column-is-layout-flow\">\n<figure class=\"wp-block-image size-full is-resized\"><img loading=\"lazy\" decoding=\"async\" width=\"1229\" height=\"1638\" src=\"https:\/\/rezal-atelier.com\/wp-content\/uploads\/2025\/03\/Aline-RE-Atelier-REZAL-edited-1.jpg\" alt=\"\" class=\"wp-image-535\" style=\"width:438px;height:auto\" srcset=\"https:\/\/rezal-atelier.com\/wp-content\/uploads\/2025\/03\/Aline-RE-Atelier-REZAL-edited-1.jpg 1229w, https:\/\/rezal-atelier.com\/wp-content\/uploads\/2025\/03\/Aline-RE-Atelier-REZAL-edited-1-225x300.jpg 225w, https:\/\/rezal-atelier.com\/wp-content\/uploads\/2025\/03\/Aline-RE-Atelier-REZAL-edited-1-768x1024.jpg 768w, https:\/\/rezal-atelier.com\/wp-content\/uploads\/2025\/03\/Aline-RE-Atelier-REZAL-edited-1-1152x1536.jpg 1152w, https:\/\/rezal-atelier.com\/wp-content\/uploads\/2025\/03\/Aline-RE-Atelier-REZAL-edited-1-600x800.jpg 600w\" sizes=\"auto, (max-width: 1229px) 100vw, 1229px\" \/><\/figure>\n<\/div>\n\n\n\n<div class=\"wp-block-column is-vertically-aligned-center is-layout-flow wp-block-column-is-layout-flow\" style=\"flex-basis:800px\">\n<h2 class=\"wp-block-heading\">Aline RE,<\/h2>\n\n\n\n<p class=\"has-text-align-left\"><strong>C<\/strong>&lsquo;est mon nom, celle de la cr\u00e9atrice passionn\u00e9e derri\u00e8re le nom d&rsquo;atelier REZAL. Dans mon atelier, j\u2019ai \u00e0 c\u0153ur de marier innovation et artisanat pour donner vie \u00e0 des pi\u00e8ces sur mesure, uniques et empreintes d\u2019une \u00e9l\u00e9gance intemporelle. Chaque cr\u00e9ation na\u00eet de mon engagement \u00e0 sublimer la beaut\u00e9 des mat\u00e9riaux nobles ainsi que de ma qu\u00eate du d\u00e9tail parfait.<\/p>\n\n\n\n<div class=\"wp-block-group is-layout-flow wp-block-group-is-layout-flow\">\n<p>Avant tout, l&rsquo;atelier a ses racines dans mon parcours d\u2019ing\u00e9nieure m\u00e9catronicienne. Lors de mes \u00e9tudes, la gravure et la d\u00e9coupe laser ont \u00e9veill\u00e9 une fascination profonde en moi. Une technologie tr\u00e8s industrielle qui a grav\u00e9 ce r\u00eave : poss\u00e9der un jour ma propre machine. Plus tard, forte de mon exp\u00e9rience d&rsquo;ing\u00e9nieure et de ma polyvalence, j\u2019ai entrepris de construire de mes propres mains ma machine de gravure laser. Cette nouvelle aventure a \u00e9veill\u00e9 en moi un d\u00e9sir de cr\u00e9ation, me poussant \u00e0 quitter l\u2019industrie afin de concr\u00e9tiser ma vision. C\u2019est ainsi que j\u2019ai fond\u00e9 REZAL, un espace o\u00f9 technique et sensibilit\u00e9 artistique convergent.<\/p>\n\n\n\n<p>Mes \u0153uvres refl\u00e8tent ainsi cette dualit\u00e9. Elles transforment des informations brutes en v\u00e9ritables objets d\u2019art, qu\u2019il s\u2019agisse de cartes topographiques en relief, de plans urbains grav\u00e9s ou de troph\u00e9es personnalis\u00e9s racontant une histoire singuli\u00e8re. Mon travail se distingue en outre par le travail de bois massifs, l\u2019association harmonieuse avec l\u2019\u00e9poxy et une capacit\u00e9 \u00e0 cr\u00e9er des pi\u00e8ces audacieuses et exceptionnelles, comme ma fresque aqueduc.<\/p>\n\n\n\n<p>Je m\u2019engage \u00e0 valoriser des mat\u00e9riaux d\u2019exception mais \u00e9galement \u00e0 proposer des cr\u00e9ations pens\u00e9es pour durer et traverser les g\u00e9n\u00e9rations. Mon travail c\u00e9l\u00e8bre en outre l\u2019artisanat local, la pr\u00e9cision, et la beaut\u00e9 du fait main, offrant \u00e0 chacun une part de ma vision et de mon savoir-faire.<\/p>\n<\/div>\n<\/div>\n<\/div>\n<\/div>\n\n\n\n<div class=\"wp-block-group alignfull has-global-padding is-layout-constrained wp-container-core-group-is-layout-490fa1db wp-block-group-is-layout-constrained\" style=\"padding-top:var(--wp--preset--spacing--50);padding-right:var(--wp--preset--spacing--50);padding-bottom:var(--wp--preset--spacing--50);padding-left:var(--wp--preset--spacing--50)\">\n<div aria-hidden=\"true\" class=\"wp-block-spacer\"><\/div>\n\n\n\n<figure class=\"wp-block-image alignwide size-full is-style-rounded is-style-rounded--1\"><img loading=\"lazy\" decoding=\"async\" width=\"2560\" height=\"1708\" src=\"https:\/\/rezal-atelier.com\/wp-content\/uploads\/2024\/11\/Cadre-topo-3-scaled.jpg\" alt=\"\" class=\"wp-image-354\" srcset=\"https:\/\/rezal-atelier.com\/wp-content\/uploads\/2024\/11\/Cadre-topo-3-scaled.jpg 2560w, https:\/\/rezal-atelier.com\/wp-content\/uploads\/2024\/11\/Cadre-topo-3-300x200.jpg 300w, https:\/\/rezal-atelier.com\/wp-content\/uploads\/2024\/11\/Cadre-topo-3-1024x683.jpg 1024w, https:\/\/rezal-atelier.com\/wp-content\/uploads\/2024\/11\/Cadre-topo-3-768x512.jpg 768w, https:\/\/rezal-atelier.com\/wp-content\/uploads\/2024\/11\/Cadre-topo-3-1536x1025.jpg 1536w, https:\/\/rezal-atelier.com\/wp-content\/uploads\/2024\/11\/Cadre-topo-3-2048x1366.jpg 2048w, https:\/\/rezal-atelier.com\/wp-content\/uploads\/2024\/11\/Cadre-topo-3-1320x880.jpg 1320w, https:\/\/rezal-atelier.com\/wp-content\/uploads\/2024\/11\/Cadre-topo-3-600x400.jpg 600w\" sizes=\"auto, (max-width: 2560px) 100vw, 2560px\" \/><\/figure>\n<\/div>\n\n\n\n<div class=\"wp-block-group alignfull has-base-2-background-color has-background has-global-padding is-layout-constrained wp-container-core-group-is-layout-669513ed wp-block-group-is-layout-constrained\" style=\"margin-top:0;margin-bottom:0;padding-top:var(--wp--preset--spacing--50);padding-right:var(--wp--preset--spacing--50);padding-bottom:var(--wp--preset--spacing--50);padding-left:var(--wp--preset--spacing--50)\">\n<div class=\"wp-block-group is-vertical is-content-justification-center is-layout-flex wp-container-core-group-is-layout-52b864f0 wp-block-group-is-layout-flex\">\n<h2 class=\"wp-block-heading has-text-align-center is-style-asterisk\"><strong>Un atelier cr\u00e9atif et innovant<\/strong><\/h2>\n\n\n\n<p class=\"has-text-align-center\">Notre gamme compl\u00e8te de services personnalis\u00e9s s&rsquo;adresse \u00e0 une client\u00e8le vari\u00e9e, allant des particuliers aux entreprises, \u00e0 la recherche de solutions uniques et sur-mesure.<\/p>\n<\/div>\n\n\n\n<div style=\"margin-top:0;margin-bottom:0;height:var(--wp--preset--spacing--40)\" aria-hidden=\"true\" class=\"wp-block-spacer\"><\/div>\n\n\n\n<div class=\"wp-block-columns alignwide is-layout-flex wp-container-core-columns-is-layout-d0bbbce0 wp-block-columns-is-layout-flex\">\n<div class=\"wp-block-column is-layout-flow wp-container-core-column-is-layout-e3d1c41b wp-block-column-is-layout-flow\">\n<h3 class=\"wp-block-heading has-text-align-left is-style-asterisk has-body-font-family has-medium-font-size\" style=\"font-style:normal;font-weight:600\">De<strong>s cr\u00e9ations sur-mesure<\/strong><\/h3>\n\n\n\n<p class=\"has-text-align-left\">D\u00e9couvrez la fusion entre cr\u00e9ativit\u00e9 et savoir-faire avec des cr\u00e9ations grav\u00e9es et d\u00e9coup\u00e9es sur mesure. <\/p>\n<\/div>\n\n\n\n<div class=\"wp-block-column is-layout-flow wp-container-core-column-is-layout-e3d1c41b wp-block-column-is-layout-flow\">\n<h3 class=\"wp-block-heading has-text-align-left is-style-asterisk has-body-font-family has-medium-font-size\" style=\"font-style:normal;font-weight:600\"><strong>Des mat\u00e9riaux nobles, des pi\u00e8ces uniques<\/strong><\/h3>\n\n\n\n<p class=\"has-text-align-left\">Le bois massif, par nature, produit des pi\u00e8ces uniques. J&rsquo;en s\u00e9lectionne donc le bon morceau pour le bon produit. Unique, et durable.<\/p>\n<\/div>\n\n\n\n<div class=\"wp-block-column is-layout-flow wp-container-core-column-is-layout-e3d1c41b wp-block-column-is-layout-flow\">\n<h3 class=\"wp-block-heading has-text-align-left is-style-asterisk has-body-font-family has-medium-font-size\" style=\"font-style:normal;font-weight:600\"><strong>Suivi client<\/strong><\/h3>\n\n\n\n<p class=\"has-text-align-left\">Profitez d\u2019un support personnel et continu pour chaque projet. Je vous accompagne en effet \u00e0 chaque \u00e9tape, du design \u00e0 la livraison.<\/p>\n<\/div>\n<\/div>\n\n\n\n<div style=\"height:var(--wp--preset--spacing--20)\" aria-hidden=\"true\" class=\"wp-block-spacer\"><\/div>\n\n\n\n<div class=\"wp-block-columns alignwide is-layout-flex wp-container-core-columns-is-layout-d0bbbce0 wp-block-columns-is-layout-flex\">\n<div class=\"wp-block-column is-layout-flow wp-container-core-column-is-layout-e3d1c41b wp-block-column-is-layout-flow\">\n<h3 class=\"wp-block-heading has-text-align-left is-style-asterisk has-body-font-family has-medium-font-size\" style=\"font-style:normal;font-weight:600\">Selon vos d\u00e9sirs, et vos moyens<\/h3>\n\n\n\n<p class=\"has-text-align-left\">Je m&rsquo;adapte \u00e0 votre profil afin de vous proposer LE produit qui vous correspond. Que ce produit existe d\u00e9j\u00e0, ou pas encore.<\/p>\n<\/div>\n\n\n\n<div class=\"wp-block-column is-layout-flow wp-container-core-column-is-layout-e3d1c41b wp-block-column-is-layout-flow\">\n<h3 class=\"wp-block-heading has-text-align-left is-style-asterisk has-body-font-family has-medium-font-size\" style=\"font-style:normal;font-weight:600\">Des objets uniques<\/h3>\n\n\n\n<p class=\"has-text-align-left\">Qui dit occasion unique, dit souvenir unique. Quelque soit l&rsquo;\u00e9v\u00e8nement, je vous accompagne pour cr\u00e9er LA pi\u00e8ce pour qui le c\u00e9l\u00e8brera.<\/p>\n<\/div>\n\n\n\n<div class=\"wp-block-column is-layout-flow wp-container-core-column-is-layout-e3d1c41b wp-block-column-is-layout-flow\">\n<h3 class=\"wp-block-heading has-text-align-left is-style-asterisk has-body-font-family has-medium-font-size\" style=\"font-style:normal;font-weight:600\"><strong>Expertise en d\u00e9coupe laser<\/strong><\/h3>\n\n\n\n<p class=\"has-text-align-left\">Explorez des possibilit\u00e9s infinies avec les solutions de d\u00e9coupe laser. Des finitions pr\u00e9cises et de haute qualit\u00e9 sur une vari\u00e9t\u00e9 de mat\u00e9riaux.<\/p>\n<\/div>\n<\/div>\n<\/div>\n\n\n\n<div class=\"wp-block-group alignfull has-global-padding is-layout-constrained wp-container-core-group-is-layout-d89aad35 wp-block-group-is-layout-constrained\" style=\"margin-top:0;margin-bottom:0;padding-top:var(--wp--preset--spacing--50);padding-right:var(--wp--preset--spacing--50);padding-bottom:var(--wp--preset--spacing--50);padding-left:var(--wp--preset--spacing--50)\">\n<div class=\"wp-block-group alignwide has-global-padding is-layout-constrained wp-container-core-group-is-layout-19e250f3 wp-block-group-is-layout-constrained\">\n<div style=\"height:var(--wp--preset--spacing--40)\" aria-hidden=\"true\" class=\"wp-block-spacer\"><\/div>\n\n\n\n<div style=\"height:var(--wp--preset--spacing--40)\" aria-hidden=\"true\" class=\"wp-block-spacer\"><\/div>\n\n\n\n<div class=\"wp-block-columns alignwide is-layout-flex wp-container-core-columns-is-layout-d1c656ed wp-block-columns-is-layout-flex\">\n<div class=\"wp-block-column is-layout-flow wp-block-column-is-layout-flow\" style=\"flex-basis:50%\">\n<figure class=\"wp-block-image size-large is-style-rounded is-style-rounded--2\"><img loading=\"lazy\" decoding=\"async\" width=\"1024\" height=\"888\" src=\"https:\/\/rezal-atelier.com\/wp-content\/uploads\/2024\/09\/Ste-victoire-1024x888.jpg\" alt=\"\" class=\"wp-image-73\" srcset=\"https:\/\/rezal-atelier.com\/wp-content\/uploads\/2024\/09\/Ste-victoire-1024x888.jpg 1024w, https:\/\/rezal-atelier.com\/wp-content\/uploads\/2024\/09\/Ste-victoire-300x260.jpg 300w, https:\/\/rezal-atelier.com\/wp-content\/uploads\/2024\/09\/Ste-victoire-768x666.jpg 768w, https:\/\/rezal-atelier.com\/wp-content\/uploads\/2024\/09\/Ste-victoire-1536x1332.jpg 1536w, https:\/\/rezal-atelier.com\/wp-content\/uploads\/2024\/09\/Ste-victoire-2048x1776.jpg 2048w, https:\/\/rezal-atelier.com\/wp-content\/uploads\/2024\/09\/Ste-victoire-1320x1145.jpg 1320w, https:\/\/rezal-atelier.com\/wp-content\/uploads\/2024\/09\/Ste-victoire-600x520.jpg 600w\" sizes=\"auto, (max-width: 1024px) 100vw, 1024px\" \/><\/figure>\n<\/div>\n\n\n\n<div class=\"wp-block-column is-vertically-aligned-center is-layout-flow wp-block-column-is-layout-flow\" style=\"flex-basis:40%\">\n<h3 class=\"wp-block-heading is-style-asterisk\">Newsletter REZAL<\/h3>\n\n\n\n<p><em>Bient\u00f4t disponible. Inscrivez-vous d\u00e8s maintenant !<\/em><\/p>\n\n\n\n<ul style=\"line-height:1.75\" class=\"wp-block-list is-style-checkmark-list\">\n<li>\u00c9tudes de cas qui c\u00e9l\u00e8brent l&rsquo;artisanat et le design sur-mesure.<\/li>\n\n\n\n<li>Ventes exclusives, nouveaut\u00e9s et promotions<\/li>\n<\/ul>\n\n\n<div class=\"wp-block-jetpack-contact-form\"><a href=\"https:\/\/rezal-atelier.com\/index.php\/a-propos\/\" target=\"_blank\" rel=\"noopener noreferrer\">Soumettre un formulaire.<\/a><\/div><\/div>\n<\/div>\n<\/div>\n<\/div>\n\n\n\n<div class=\"wp-block-group alignfull has-global-padding is-layout-constrained wp-container-core-group-is-layout-d89aad35 wp-block-group-is-layout-constrained\" style=\"margin-top:0;margin-bottom:0;padding-top:var(--wp--preset--spacing--50);padding-right:var(--wp--preset--spacing--50);padding-bottom:var(--wp--preset--spacing--50);padding-left:var(--wp--preset--spacing--50)\">\n<div class=\"wp-block-group alignwide has-base-2-background-color has-background has-global-padding is-layout-constrained wp-container-core-group-is-layout-39412042 wp-block-group-is-layout-constrained\" style=\"border-radius:16px;padding-top:var(--wp--preset--spacing--40);padding-right:var(--wp--preset--spacing--50);padding-bottom:var(--wp--preset--spacing--40);padding-left:var(--wp--preset--spacing--50)\">\n<div style=\"height:var(--wp--preset--spacing--10)\" aria-hidden=\"true\" class=\"wp-block-spacer\"><\/div>\n\n\n\n<h2 class=\"wp-block-heading has-text-align-center has-x-large-font-size\">Rejoignez-moi sur les r\u00e9seaux !<\/h2>\n\n\n\n<p class=\"has-text-align-center\">Toute mon actualit\u00e9, mon savoir-faire ainsi que mes produits.<\/p>\n\n\n\n<div class=\"wp-block-buttons is-content-justification-center is-layout-flex wp-container-core-buttons-is-layout-a89b3969 wp-block-buttons-is-layout-flex\">\n<div class=\"wp-block-button\"><a class=\"wp-block-button__link wp-element-button\" href=\"https:\/\/www.instagram.com\/rezal.atelier\/\">Vers Instagram<\/a><\/div>\n\n\n\n<div class=\"wp-block-button\"><a class=\"wp-block-button__link wp-element-button\" href=\"https:\/\/www.facebook.com\/people\/REZAL-Cr\u00e9ateurs-laz\u00e9ristes\/100095345060824\/\">Vers Facebook<\/a><\/div>\n<\/div>\n\n\n\n<div style=\"height:var(--wp--preset--spacing--10)\" aria-hidden=\"true\" class=\"wp-block-spacer\"><\/div>\n<\/div>\n<\/div>\n\n\n\n<p><\/p>\n","protected":false},"excerpt":{"rendered":"<p>Aline RE, C&lsquo;est mon nom, celle de la cr\u00e9atrice passionn\u00e9e derri\u00e8re le nom d&rsquo;atelier REZAL. Dans mon atelier, j\u2019ai \u00e0 c\u0153ur de marier innovation et artisanat pour donner vie \u00e0 des pi\u00e8ces sur mesure, uniques et empreintes d\u2019une \u00e9l\u00e9gance intemporelle. Chaque cr\u00e9ation na\u00eet de mon engagement \u00e0 sublimer la beaut\u00e9 des mat\u00e9riaux nobles ainsi que [&hellip;]<\/p>\n","protected":false},"author":1,"featured_media":0,"parent":0,"menu_order":0,"comment_status":"closed","ping_status":"closed","template":"page-no-title","meta":{"om_disable_all_campaigns":false,"_monsterinsights_skip_tracking":false,"_monsterinsights_sitenote_active":false,"_monsterinsights_sitenote_note":"","_monsterinsights_sitenote_category":0,"jetpack_post_was_ever_published":false,"footnotes":""},"class_list":["post-98","page","type-page","status-publish","hentry"],"aioseo_notices":[],"jetpack_sharing_enabled":true,"_links":{"self":[{"href":"https:\/\/rezal-atelier.com\/index.php\/wp-json\/wp\/v2\/pages\/98","targetHints":{"allow":["GET"]}}],"collection":[{"href":"https:\/\/rezal-atelier.com\/index.php\/wp-json\/wp\/v2\/pages"}],"about":[{"href":"https:\/\/rezal-atelier.com\/index.php\/wp-json\/wp\/v2\/types\/page"}],"author":[{"embeddable":true,"href":"https:\/\/rezal-atelier.com\/index.php\/wp-json\/wp\/v2\/users\/1"}],"replies":[{"embeddable":true,"href":"https:\/\/rezal-atelier.com\/index.php\/wp-json\/wp\/v2\/comments?post=98"}],"version-history":[{"count":16,"href":"https:\/\/rezal-atelier.com\/index.php\/wp-json\/wp\/v2\/pages\/98\/revisions"}],"predecessor-version":[{"id":466,"href":"https:\/\/rezal-atelier.com\/index.php\/wp-json\/wp\/v2\/pages\/98\/revisions\/466"}],"wp:attachment":[{"href":"https:\/\/rezal-atelier.com\/index.php\/wp-json\/wp\/v2\/media?parent=98"}],"curies":[{"name":"wp","href":"https:\/\/api.w.org\/{rel}","templated":true}]}}