{"id":16,"date":"2024-09-08T20:22:18","date_gmt":"2024-09-08T18:22:18","guid":{"rendered":"https:\/\/rezal-atelier.com\/?page_id=16"},"modified":"2025-01-18T22:52:04","modified_gmt":"2025-01-18T21:52:04","slug":"contact","status":"publish","type":"page","link":"https:\/\/rezal-atelier.com\/index.php\/contact\/","title":{"rendered":"Contact"},"content":{"rendered":"\n<p class=\"has-text-align-center has-large-font-size\"><strong>Discutons ensemble<\/strong> !<\/p>\n\n\n\n<p class=\"has-text-align-center\">Vous souhaitez \u00e9changer sur un projet ?<br>Vous souhaitez obtenir un devis ou simplement une information ?<\/p>\n\n\n\n<p class=\"has-text-align-center\">D\u00eetes-moi tout ! Je serai ravie d&rsquo;\u00e9changer avec vous.<\/p>\n\n\n<div class=\"wp-block-jetpack-contact-form\"><a href=\"https:\/\/rezal-atelier.com\/index.php\/contact\/\" target=\"_blank\" rel=\"noopener noreferrer\">Soumettre un formulaire.<\/a><\/div>\n\n\n<p><\/p>\n","protected":false},"excerpt":{"rendered":"<p>Discutons ensemble ! Vous souhaitez \u00e9changer sur un projet ?Vous souhaitez obtenir un devis ou simplement une information ? D\u00eetes-moi tout ! Je serai ravie d&rsquo;\u00e9changer avec vous.<\/p>\n","protected":false},"author":1,"featured_media":0,"parent":0,"menu_order":0,"comment_status":"closed","ping_status":"closed","template":"page-no-title","meta":{"om_disable_all_campaigns":false,"_monsterinsights_skip_tracking":false,"_monsterinsights_sitenote_active":false,"_monsterinsights_sitenote_note":"","_monsterinsights_sitenote_category":0,"jetpack_post_was_ever_published":false,"footnotes":""},"class_list":["post-16","page","type-page","status-publish","hentry"],"aioseo_notices":[],"jetpack_sharing_enabled":true,"_links":{"self":[{"href":"https:\/\/rezal-atelier.com\/index.php\/wp-json\/wp\/v2\/pages\/16","targetHints":{"allow":["GET"]}}],"collection":[{"href":"https:\/\/rezal-atelier.com\/index.php\/wp-json\/wp\/v2\/pages"}],"about":[{"href":"https:\/\/rezal-atelier.com\/index.php\/wp-json\/wp\/v2\/types\/page"}],"author":[{"embeddable":true,"href":"https:\/\/rezal-atelier.com\/index.php\/wp-json\/wp\/v2\/users\/1"}],"replies":[{"embeddable":true,"href":"https:\/\/rezal-atelier.com\/index.php\/wp-json\/wp\/v2\/comments?post=16"}],"version-history":[{"count":13,"href":"https:\/\/rezal-atelier.com\/index.php\/wp-json\/wp\/v2\/pages\/16\/revisions"}],"predecessor-version":[{"id":471,"href":"https:\/\/rezal-atelier.com\/index.php\/wp-json\/wp\/v2\/pages\/16\/revisions\/471"}],"wp:attachment":[{"href":"https:\/\/rezal-atelier.com\/index.php\/wp-json\/wp\/v2\/media?parent=16"}],"curies":[{"name":"wp","href":"https:\/\/api.w.org\/{rel}","templated":true}]}}